{"id":7258,"date":"2024-08-31T10:27:36","date_gmt":"2024-08-31T08:27:36","guid":{"rendered":"https:\/\/reviewcardstore.com\/?page_id=7258"},"modified":"2024-12-18T16:30:42","modified_gmt":"2024-12-18T15:30:42","slug":"rueckgaberecht","status":"publish","type":"page","link":"https:\/\/reviewcardstore.com\/de\/rueckgaberecht\/","title":{"rendered":"R\u00fcckgaberecht"},"content":{"rendered":"\n<p>Wir von Review Cards setzen alles daran, dass Sie mit Ihrem Kauf zufrieden sind. Sollten Sie aus irgendeinem Grund mit Ihrer Bestellung nicht zufrieden sein, k\u00f6nnen Sie sie innerhalb von 30 Tagen nach dem Lieferdatum zur\u00fcckgeben, sofern die unten aufgef\u00fchrten Bedingungen erf\u00fcllt sind. <\/p>\n\n<h3 class=\"wp-block-heading\">1. R\u00fcckgabefrist<\/h3>\n\n<p>Sie haben das Recht, Ihre Bestellung innerhalb von 30 Tagen nach dem Lieferdatum zur\u00fcckzugeben. Nach dieser Frist k\u00f6nnen wir leider keine R\u00fcckgaben mehr akzeptieren. <\/p>\n\n<h3 class=\"wp-block-heading\">2. Bedingungen f\u00fcr R\u00fccksendungen<\/h3>\n\n<p>Um f\u00fcr eine R\u00fcckgabe in Frage zu kommen, muss das Produkt die folgenden Bedingungen erf\u00fcllen:<\/p>\n\n<ul class=\"wp-block-list\">\n<li>Das Produkt muss sich in seinem urspr\u00fcnglichen Zustand befinden und darf nicht benutzt oder besch\u00e4digt worden sein.<\/li>\n\n\n\n<li>Das Produkt muss in seiner Originalverpackung zur\u00fcckgeschickt werden.<\/li>\n<\/ul>\n\n<h3 class=\"wp-block-heading\">3. Produkte, die nicht zur\u00fcckgegeben werden k\u00f6nnen.<\/h3>\n\n<p>Die folgenden Produkte k\u00f6nnen nicht zur\u00fcckgegeben werden:<\/p>\n\n<ul class=\"wp-block-list\">\n<li>Produkte mit einer selbstklebenden R\u00fcckseite, bei denen die Schutzfolie entfernt wurde.<\/li>\n\n\n\n<li>Personalisierte oder ma\u00dfgeschneiderte Produkte, die speziell f\u00fcr den Kunden hergestellt werden.<\/li>\n<\/ul>\n\n<h3 class=\"wp-block-heading\">4. Verfahren f\u00fcr R\u00fccksendungen.<\/h3>\n\n<p>Wenn Sie ein Produkt zur\u00fcckgeben m\u00f6chten, folgen Sie bitte diesen Schritten:<\/p>\n\n<ol class=\"wp-block-list\">\n<li>F\u00fcllen Sie das R\u00fccksendeformular auf unserer Website aus: www.reviewcardstore.com\/return<\/li>\n\n\n\n<li>Stellen Sie sicher, dass das Produkt die R\u00fcckgabebedingungen erf\u00fcllt.<\/li>\n\n\n\n<li>Verpacken Sie das Produkt sicher und legen Sie eine Kopie der Rechnung oder des Bestellscheins bei.<\/li>\n\n\n\n<li>Schicken Sie das Paket \u00fcber ein Transportunternehmen Ihrer Wahl an unsere R\u00fccksendeadresse. Bitte beachten Sie, dass der Kunde f\u00fcr die Kosten der R\u00fccksendung verantwortlich ist. <\/li>\n<\/ol>\n\n<h3 class=\"wp-block-heading\">5. Kosten f\u00fcr R\u00fccksendungen.<\/h3>\n\n<p>Die Kosten f\u00fcr die R\u00fccksendung liegen in der Verantwortung des Kunden. Es steht Ihnen frei, das Transportunternehmen f\u00fcr die R\u00fccksendung selbst zu w\u00e4hlen. Wir empfehlen Ihnen, eine Versandart mit Sendungsverfolgung zu verwenden, damit Sie den Status der R\u00fccksendung verfolgen k\u00f6nnen.  <\/p>\n\n<h3 class=\"wp-block-heading\">6. Erstattung<\/h3>\n\n<p>Sobald wir Ihre R\u00fccksendung erhalten und \u00fcberpr\u00fcft haben, werden wir Sie per E-Mail \u00fcber den Status Ihrer R\u00fcckerstattung informieren. Die Erstattung erfolgt \u00fcber die urspr\u00fcngliche Zahlungsmethode innerhalb von 14 Tagen nach Erhalt der zur\u00fcckgegebenen Produkte. <\/p>\n\n<h3 class=\"wp-block-heading\">7. Tauscht  aus.<\/h3>\n\n<p>Als u een product wilt ruilen, kunt u het gewenste product retourneren volgens de bovengenoemde Wenn Sie ein Produkt umtauschen m\u00f6chten, senden Sie bitte das gew\u00fcnschte Produkt gem\u00e4\u00df dem oben beschriebenen Verfahren zur\u00fcck. Ein Umtausch kann nur erfolgen, wenn: <\/p>\n\n<ul class=\"wp-block-list\">\n<li>Die zur\u00fcckgegebenen Produkte sind unbenutzt und unbesch\u00e4digt.<\/li>\n\n\n\n<li>Die gew\u00fcnschten neuen Produkte sind verf\u00fcgbar.<\/li>\n<\/ul>\n\n<p>Wenn das Produkt, das Sie umtauschen m\u00f6chten, nicht verf\u00fcgbar ist, erhalten Sie eine Erstattung gem\u00e4\u00df den Erstattungsbedingungen.<\/p>\n\n<h3 class=\"wp-block-heading\">8. Kontakt<\/h3>\n\n<p>Bei Fragen zu unserem R\u00fcckgaberecht kontaktieren Sie uns bitte unter:<\/p>\n\n<ul class=\"wp-block-list\">\n<li><strong>E-Mail:<\/strong> <a href=\"mailto:info@reviewcardstore.com\">info@reviewcardstore.com<\/a><\/li>\n\n\n\n<li><strong>Telefon:<\/strong> +32 478 943 585<\/li>\n<\/ul>\n","protected":false},"excerpt":{"rendered":"<p>Wir von Review Cards setzen alles daran, dass Sie mit Ihrem Kauf zufrieden sind. Sollten Sie aus irgendeinem Grund mit Ihrer Bestellung nicht zufrieden sein, k\u00f6nnen Sie sie innerhalb von 30 Tagen nach dem Lieferdatum zur\u00fcckgeben, sofern die unten aufgef\u00fchrten Bedingungen erf\u00fcllt sind. 1. R\u00fcckgabefrist Sie haben das Recht, Ihre Bestellung innerhalb von 30 Tagen [&hellip;]<\/p>\n","protected":false},"author":1,"featured_media":0,"parent":0,"menu_order":0,"comment_status":"closed","ping_status":"closed","template":"","meta":{"footnotes":""},"class_list":["post-7258","page","type-page","status-publish","hentry"],"_links":{"self":[{"href":"https:\/\/reviewcardstore.com\/de\/wp-json\/wp\/v2\/pages\/7258","targetHints":{"allow":["GET"]}}],"collection":[{"href":"https:\/\/reviewcardstore.com\/de\/wp-json\/wp\/v2\/pages"}],"about":[{"href":"https:\/\/reviewcardstore.com\/de\/wp-json\/wp\/v2\/types\/page"}],"author":[{"embeddable":true,"href":"https:\/\/reviewcardstore.com\/de\/wp-json\/wp\/v2\/users\/1"}],"replies":[{"embeddable":true,"href":"https:\/\/reviewcardstore.com\/de\/wp-json\/wp\/v2\/comments?post=7258"}],"version-history":[{"count":2,"href":"https:\/\/reviewcardstore.com\/de\/wp-json\/wp\/v2\/pages\/7258\/revisions"}],"predecessor-version":[{"id":7262,"href":"https:\/\/reviewcardstore.com\/de\/wp-json\/wp\/v2\/pages\/7258\/revisions\/7262"}],"wp:attachment":[{"href":"https:\/\/reviewcardstore.com\/de\/wp-json\/wp\/v2\/media?parent=7258"}],"curies":[{"name":"wp","href":"https:\/\/api.w.org\/{rel}","templated":true}]}}