{"id":10577,"date":"2025-02-15T14:48:00","date_gmt":"2025-02-15T13:48:00","guid":{"rendered":"https:\/\/reviewcardstore.com\/?post_type=product&#038;p=10577"},"modified":"2025-05-28T19:48:05","modified_gmt":"2025-05-28T17:48:05","slug":"social-media-paket","status":"publish","type":"product","link":"https:\/\/reviewcardstore.com\/de\/product\/social-media-paket\/","title":{"rendered":"Social Media Paket"},"content":{"rendered":"","protected":false},"excerpt":{"rendered":"<p class=\"p1\">F\u00fcr Unternehmen, die ihre Pr\u00e4senz in den sozialen Medien professionell hervorheben m\u00f6chten.<\/p>\n","protected":false},"featured_media":9037,"template":"","meta":[],"product_brand":[],"product_cat":[271],"product_tag":[272],"class_list":{"0":"post-10577","1":"product","2":"type-product","3":"status-publish","4":"has-post-thumbnail","6":"product_cat-bundles-de","7":"product_tag-bundle-1-de","9":"first","10":"instock","11":"sale","12":"taxable","13":"shipping-taxable","14":"purchasable","15":"product-type-easy_product_bundle"},"_links":{"self":[{"href":"https:\/\/reviewcardstore.com\/de\/wp-json\/wp\/v2\/product\/10577","targetHints":{"allow":["GET"]}}],"collection":[{"href":"https:\/\/reviewcardstore.com\/de\/wp-json\/wp\/v2\/product"}],"about":[{"href":"https:\/\/reviewcardstore.com\/de\/wp-json\/wp\/v2\/types\/product"}],"version-history":[{"count":2,"href":"https:\/\/reviewcardstore.com\/de\/wp-json\/wp\/v2\/product\/10577\/revisions"}],"predecessor-version":[{"id":10900,"href":"https:\/\/reviewcardstore.com\/de\/wp-json\/wp\/v2\/product\/10577\/revisions\/10900"}],"wp:featuredmedia":[{"embeddable":true,"href":"https:\/\/reviewcardstore.com\/de\/wp-json\/wp\/v2\/media\/9037"}],"wp:attachment":[{"href":"https:\/\/reviewcardstore.com\/de\/wp-json\/wp\/v2\/media?parent=10577"}],"wp:term":[{"taxonomy":"product_brand","embeddable":true,"href":"https:\/\/reviewcardstore.com\/de\/wp-json\/wp\/v2\/product_brand?post=10577"},{"taxonomy":"product_cat","embeddable":true,"href":"https:\/\/reviewcardstore.com\/de\/wp-json\/wp\/v2\/product_cat?post=10577"},{"taxonomy":"product_tag","embeddable":true,"href":"https:\/\/reviewcardstore.com\/de\/wp-json\/wp\/v2\/product_tag?post=10577"}],"curies":[{"name":"wp","href":"https:\/\/api.w.org\/{rel}","templated":true}]}}