{"id":11472,"date":"2024-07-16T18:28:49","date_gmt":"2024-07-16T16:28:49","guid":{"rendered":"https:\/\/reviewcardstore.com\/?page_id=11472"},"modified":"2025-04-28T14:23:26","modified_gmt":"2025-04-28T12:23:26","slug":"politica-de-privacidad","status":"publish","type":"page","link":"https:\/\/reviewcardstore.com\/es\/politica-de-privacidad\/","title":{"rendered":"Pol\u00edtica de privacidad"},"content":{"rendered":"\n<p>\u00daltima actualizaci\u00f3n: 18\/09\/2023<\/p>\n\n<p>Bienvenido a UrWeb.<\/p>\n\n<p>Esta pol\u00edtica de privacidad describe c\u00f3mo UrWeb, con sede en 9100 Sint-Niklaas, Houten Schoen 96C002, B\u00e9lgica, y registrada con el n\u00famero de empresa BE0805971515, recopila, utiliza, almacena y protege la informaci\u00f3n personal cuando usted visita nuestro sitio web urweb.be y utiliza nuestro formulario de contacto.<\/p>\n\n<p>Datos recogidos<\/p>\n\n<p>A trav\u00e9s de nuestro formulario de contacto, recogemos los siguientes datos personales: nombre, direcci\u00f3n de correo electr\u00f3nico y n\u00famero de tel\u00e9fono. Estos datos se recogen cuando usted rellena y env\u00eda el formulario de contacto para ponerse en contacto con nosotros. <\/p>\n\n<p>Finalidad de la recogida de datos<\/p>\n\n<p>Utilizamos los datos recogidos para ponernos en contacto con los clientes y responder a las consultas y solicitudes enviadas a trav\u00e9s del formulario de contacto.<\/p>\n\n<p>Almacenamiento y seguridad de los datos<\/p>\n\n<p>Los datos recogidos se almacenan a trav\u00e9s del formulario de contacto de nuestro sitio web WordPress, alojado en EasyHost. Tomamos las medidas t\u00e9cnicas y organizativas razonables para garantizar la seguridad de sus datos y evitar el acceso no autorizado, p\u00e9rdida, mal uso o alteraci\u00f3n. <\/p>\n\n<p>Tecnolog\u00edas de seguimiento<\/p>\n\n<p>Utilizamos tecnolog\u00edas de seguimiento, como Google Tag Manager y Google AdWords, para realizar an\u00e1lisis del sitio web y actividades de marketing. Estas tecnolog\u00edas pueden recopilar informaci\u00f3n sobre su comportamiento de navegaci\u00f3n en nuestro sitio web. <\/p>\n\n<p>Transferencia de datos<\/p>\n\n<p>No compartimos los datos recogidos con terceros. Los datos se conservan internamente y se utilizan \u00fanicamente para los fines para los que se recogieron. <\/p>\n\n<p>Per\u00edodos de conservaci\u00f3n<\/p>\n\n<p>Conservamos sus datos personales durante el tiempo necesario para cumplir la finalidad de la recogida de datos, a menos que la ley exija o permita un periodo de conservaci\u00f3n m\u00e1s largo.<\/p>\n\n<p>Derechos de los usuarios<\/p>\n\n<p>Tiene derecho a acceder a sus datos personales, rectificarlos o suprimirlos. P\u00f3ngase en contacto con nosotros en info@urweb.be para realizar su solicitud. <\/p>\n\n<p>Usuarios menores<\/p>\n\n<p>Nuestros servicios no est\u00e1n dirigidos a menores de 16 a\u00f1os. No recopilamos deliberadamente datos personales de menores. <\/p>\n\n<p>Transferencia internacional de datos<\/p>\n\n<p>Si se encuentra fuera de B\u00e9lgica y decide facilitarnos sus datos personales, acepta que transfiramos y procesemos sus datos en B\u00e9lgica. Tomaremos las medidas necesarias para garantizar que sus datos est\u00e9n debidamente protegidos con arreglo a la legislaci\u00f3n aplicable. <\/p>\n\n<p>Datos de contacto<\/p>\n\n<p>Para cualquier pregunta, comentario o solicitud en relaci\u00f3n con esta Pol\u00edtica de Privacidad, p\u00f3ngase en contacto con nosotros en info@urweb.be.<\/p>\n\n<p>Cambios en la pol\u00edtica de privacidad<\/p>\n\n<p>Nos reservamos el derecho a actualizar esta pol\u00edtica de privacidad en cualquier momento. Cualquier cambio se publicar\u00e1 en nuestro sitio web y la fecha de la revisi\u00f3n m\u00e1s reciente aparecer\u00e1 en la parte superior de la pol\u00edtica. Se recomienda consultar peri\u00f3dicamente la pol\u00edtica de privacidad para comprobar si hay actualizaciones.  <\/p>\n","protected":false},"excerpt":{"rendered":"<p>\u00daltima actualizaci\u00f3n: 18\/09\/2023 Bienvenido a UrWeb. Esta pol\u00edtica de privacidad describe c\u00f3mo UrWeb, con sede en 9100 Sint-Niklaas, Houten Schoen 96C002, B\u00e9lgica, y registrada con el n\u00famero de empresa BE0805971515, recopila, utiliza, almacena y protege la informaci\u00f3n personal cuando usted visita nuestro sitio web urweb.be y utiliza nuestro formulario de contacto. Datos recogidos A trav\u00e9s [&hellip;]<\/p>\n","protected":false},"author":1,"featured_media":0,"parent":0,"menu_order":0,"comment_status":"closed","ping_status":"closed","template":"","meta":{"footnotes":""},"class_list":["post-11472","page","type-page","status-publish","hentry"],"_links":{"self":[{"href":"https:\/\/reviewcardstore.com\/es\/wp-json\/wp\/v2\/pages\/11472","targetHints":{"allow":["GET"]}}],"collection":[{"href":"https:\/\/reviewcardstore.com\/es\/wp-json\/wp\/v2\/pages"}],"about":[{"href":"https:\/\/reviewcardstore.com\/es\/wp-json\/wp\/v2\/types\/page"}],"author":[{"embeddable":true,"href":"https:\/\/reviewcardstore.com\/es\/wp-json\/wp\/v2\/users\/1"}],"replies":[{"embeddable":true,"href":"https:\/\/reviewcardstore.com\/es\/wp-json\/wp\/v2\/comments?post=11472"}],"version-history":[{"count":1,"href":"https:\/\/reviewcardstore.com\/es\/wp-json\/wp\/v2\/pages\/11472\/revisions"}],"predecessor-version":[{"id":11473,"href":"https:\/\/reviewcardstore.com\/es\/wp-json\/wp\/v2\/pages\/11472\/revisions\/11473"}],"wp:attachment":[{"href":"https:\/\/reviewcardstore.com\/es\/wp-json\/wp\/v2\/media?parent=11472"}],"curies":[{"name":"wp","href":"https:\/\/api.w.org\/{rel}","templated":true}]}}