{"id":11476,"date":"2024-08-31T10:27:36","date_gmt":"2024-08-31T08:27:36","guid":{"rendered":"https:\/\/reviewcardstore.com\/?page_id=11476"},"modified":"2025-04-28T14:23:18","modified_gmt":"2025-04-28T12:23:18","slug":"politica-de-devoluciones","status":"publish","type":"page","link":"https:\/\/reviewcardstore.com\/es\/politica-de-devoluciones\/","title":{"rendered":"Pol\u00edtica de devoluciones"},"content":{"rendered":"\n<p>En Review Cards hacemos todo lo posible para que quede satisfecho con su compra. Si por cualquier motivo no queda satisfecho con su pedido, puede devolverlo en un plazo de 30 d\u00edas a partir de la fecha de entrega, siempre que se cumplan las condiciones que se indican a continuaci\u00f3n. <\/p>\n\n<h3 class=\"wp-block-heading\">1. Per\u00edodo de retorno<\/h3>\n\n<p>Tiene derecho a devolver su pedido en un plazo de 30 d\u00edas a partir de la fecha de entrega. Transcurrido este plazo, lamentablemente no podemos aceptar devoluciones. <\/p>\n\n<h3 class=\"wp-block-heading\">2. Condiciones de devoluci\u00f3n<\/h3>\n\n<p>Para poder optar a una devoluci\u00f3n, el producto debe cumplir las siguientes condiciones:<\/p>\n\n<ul class=\"wp-block-list\">\n<li>El producto debe estar en su estado original y no debe haber sido usado ni da\u00f1ado.<\/li>\n\n\n\n<li>El producto debe devolverse en su embalaje original.<\/li>\n<\/ul>\n\n<h3 class=\"wp-block-heading\">3. Productos que no pueden devolverse.<\/h3>\n\n<p>Los siguientes productos no pueden devolverse:<\/p>\n\n<ul class=\"wp-block-list\">\n<li>Productos con soporte adhesivo con la pel\u00edcula protectora retirada.<\/li>\n\n\n\n<li>Productos personalizados o a medida hechos especialmente para el cliente.<\/li>\n<\/ul>\n\n<h3 class=\"wp-block-heading\">4. Procedimiento de devoluci\u00f3n.<\/h3>\n\n<p>Si desea devolver un producto, siga estos pasos:<\/p>\n\n<ol class=\"wp-block-list\">\n<li>Rellene el formulario de devoluci\u00f3n en nuestro sitio web: www.reviewcardstore.com\/return<\/li>\n\n\n\n<li>Aseg\u00farese de que el producto cumple las condiciones de devoluci\u00f3n.<\/li>\n\n\n\n<li>Empaquete el producto de forma segura e incluya una copia de la factura u orden de pedido.<\/li>\n\n\n\n<li>Env\u00ede el paquete a nuestra direcci\u00f3n de devoluciones a trav\u00e9s del transportista de su elecci\u00f3n. Tenga en cuenta que el cliente es responsable de los gastos de env\u00edo de la devoluci\u00f3n. <\/li>\n<\/ol>\n\n<h3 class=\"wp-block-heading\">5. Coste de las devoluciones.<\/h3>\n\n<p>Los gastos de env\u00edo de la devoluci\u00f3n corren a cargo del cliente. Usted es libre de elegir su propio transportista para devolver el producto. Le recomendamos que utilice un m\u00e9todo de env\u00edo con seguimiento para poder seguir el estado de la devoluci\u00f3n.  <\/p>\n\n<h3 class=\"wp-block-heading\">6. Reembolso<\/h3>\n\n<p>Una vez que hayamos recibido y verificado su devoluci\u00f3n, le notificaremos por correo electr\u00f3nico el estado de su reembolso. El reembolso se realizar\u00e1 a trav\u00e9s del m\u00e9todo de pago original en un plazo de 14 d\u00edas a partir de la recepci\u00f3n de los productos devueltos. <\/p>\n\n<h3 class=\"wp-block-heading\">7. Intercambios<\/h3>\n\n<p>Si desea cambiar un producto, devuelva el producto deseado seg\u00fan el procedimiento anterior. Los cambios s\u00f3lo pueden tener lugar si: <\/p>\n\n<ul class=\"wp-block-list\">\n<li>Los productos devueltos no han sido utilizados ni da\u00f1ados.<\/li>\n\n\n\n<li>Ya est\u00e1n disponibles los nuevos productos deseados.<\/li>\n<\/ul>\n\n<p>Si el producto que desea cambiar no est\u00e1 disponible, recibir\u00e1 un reembolso de acuerdo con las condiciones de reembolso.<\/p>\n\n<h3 class=\"wp-block-heading\">8. Contacto<\/h3>\n\n<p>Si tiene preguntas sobre nuestra pol\u00edtica de devoluciones, p\u00f3ngase en contacto con nosotros:<\/p>\n\n<ul class=\"wp-block-list\">\n<li><strong>Correo electr\u00f3nico:<\/strong> <a href=\"mailto:info@reviewcardstore.com\">info@reviewcardstore.com<\/a><\/li>\n\n\n\n<li><strong>Tel\u00e9fono:<\/strong> +32 478 943 585<\/li>\n<\/ul>\n","protected":false},"excerpt":{"rendered":"<p>En Review Cards hacemos todo lo posible para que quede satisfecho con su compra. Si por cualquier motivo no queda satisfecho con su pedido, puede devolverlo en un plazo de 30 d\u00edas a partir de la fecha de entrega, siempre que se cumplan las condiciones que se indican a continuaci\u00f3n. 1. Per\u00edodo de retorno Tiene [&hellip;]<\/p>\n","protected":false},"author":1,"featured_media":0,"parent":0,"menu_order":0,"comment_status":"closed","ping_status":"closed","template":"","meta":{"footnotes":""},"class_list":["post-11476","page","type-page","status-publish","hentry"],"_links":{"self":[{"href":"https:\/\/reviewcardstore.com\/es\/wp-json\/wp\/v2\/pages\/11476","targetHints":{"allow":["GET"]}}],"collection":[{"href":"https:\/\/reviewcardstore.com\/es\/wp-json\/wp\/v2\/pages"}],"about":[{"href":"https:\/\/reviewcardstore.com\/es\/wp-json\/wp\/v2\/types\/page"}],"author":[{"embeddable":true,"href":"https:\/\/reviewcardstore.com\/es\/wp-json\/wp\/v2\/users\/1"}],"replies":[{"embeddable":true,"href":"https:\/\/reviewcardstore.com\/es\/wp-json\/wp\/v2\/comments?post=11476"}],"version-history":[{"count":1,"href":"https:\/\/reviewcardstore.com\/es\/wp-json\/wp\/v2\/pages\/11476\/revisions"}],"predecessor-version":[{"id":11477,"href":"https:\/\/reviewcardstore.com\/es\/wp-json\/wp\/v2\/pages\/11476\/revisions\/11477"}],"wp:attachment":[{"href":"https:\/\/reviewcardstore.com\/es\/wp-json\/wp\/v2\/media?parent=11476"}],"curies":[{"name":"wp","href":"https:\/\/api.w.org\/{rel}","templated":true}]}}