{"id":11493,"date":"2025-02-25T20:35:44","date_gmt":"2025-02-25T19:35:44","guid":{"rendered":"https:\/\/reviewcardstore.com\/?post_type=product&#038;p=11493"},"modified":"2025-04-28T08:41:23","modified_gmt":"2025-04-28T06:41:23","slug":"seguro-de-envio","status":"publish","type":"product","link":"https:\/\/reviewcardstore.com\/es\/product\/seguro-de-envio\/","title":{"rendered":"Seguro de env\u00edo"},"content":{"rendered":"","protected":false},"excerpt":{"rendered":"<p class=\"p1\">Proteja su pedido con nuestro completo Seguro de Env\u00edo. En el raro caso de que se produzca un da\u00f1o, p\u00e9rdida o robo durante el transporte, lo tenemos cubierto.<\/p>\n","protected":false},"featured_media":11494,"template":"","meta":[],"product_brand":[],"product_cat":[286],"product_tag":[],"class_list":{"0":"post-11493","1":"product","2":"type-product","3":"status-publish","4":"has-post-thumbnail","6":"product_cat-uncategorized-es","8":"first","9":"instock","10":"sold-individually","11":"taxable","12":"shipping-taxable","13":"purchasable","14":"product-type-simple"},"_links":{"self":[{"href":"https:\/\/reviewcardstore.com\/es\/wp-json\/wp\/v2\/product\/11493","targetHints":{"allow":["GET"]}}],"collection":[{"href":"https:\/\/reviewcardstore.com\/es\/wp-json\/wp\/v2\/product"}],"about":[{"href":"https:\/\/reviewcardstore.com\/es\/wp-json\/wp\/v2\/types\/product"}],"version-history":[{"count":2,"href":"https:\/\/reviewcardstore.com\/es\/wp-json\/wp\/v2\/product\/11493\/revisions"}],"predecessor-version":[{"id":11809,"href":"https:\/\/reviewcardstore.com\/es\/wp-json\/wp\/v2\/product\/11493\/revisions\/11809"}],"wp:featuredmedia":[{"embeddable":true,"href":"https:\/\/reviewcardstore.com\/es\/wp-json\/wp\/v2\/media\/11494"}],"wp:attachment":[{"href":"https:\/\/reviewcardstore.com\/es\/wp-json\/wp\/v2\/media?parent=11493"}],"wp:term":[{"taxonomy":"product_brand","embeddable":true,"href":"https:\/\/reviewcardstore.com\/es\/wp-json\/wp\/v2\/product_brand?post=11493"},{"taxonomy":"product_cat","embeddable":true,"href":"https:\/\/reviewcardstore.com\/es\/wp-json\/wp\/v2\/product_cat?post=11493"},{"taxonomy":"product_tag","embeddable":true,"href":"https:\/\/reviewcardstore.com\/es\/wp-json\/wp\/v2\/product_tag?post=11493"}],"curies":[{"name":"wp","href":"https:\/\/api.w.org\/{rel}","templated":true}]}}