{"id":11518,"date":"2024-12-11T17:15:47","date_gmt":"2024-12-11T16:15:47","guid":{"rendered":"https:\/\/reviewcardstore.com\/?post_type=product&#038;p=11518"},"modified":"2025-04-30T20:33:57","modified_gmt":"2025-04-30T18:33:57","slug":"placa-instagram","status":"publish","type":"product","link":"https:\/\/reviewcardstore.com\/es\/product\/placa-instagram\/","title":{"rendered":"Placa Instagram"},"content":{"rendered":"<p>Facilite a sus visitantes el seguimiento de su Instagram. Con nuestras placas de Instagram, todo lo que tienen que hacer es tocar o escanear:<\/p>\n<ul>\n<li>M\u00e1s likes y seguidores al instante<\/li>\n<li>M\u00e1s participaci\u00f3n en las redes sociales<\/li>\n<li>M\u00e1s visibilidad para futuros clientes<\/li>\n<\/ul>\n","protected":false},"excerpt":{"rendered":"<p>Facilite a sus visitantes el seguimiento de su Instagram. Con nuestras placas de Instagram, todo lo que tienen que hacer es tocar o escanear: M\u00e1s likes y seguidores al instante M\u00e1s participaci\u00f3n en las redes sociales M\u00e1s visibilidad para futuros clientes<\/p>\n","protected":false},"featured_media":11519,"template":"","meta":[],"product_brand":[],"product_cat":[290],"product_tag":[292,291],"class_list":{"0":"post-11518","1":"product","2":"type-product","3":"status-publish","4":"has-post-thumbnail","6":"product_cat-plates-es","7":"product_tag-bundle-save-plates-es","8":"product_tag-instagram-plate-es","10":"first","11":"instock","12":"taxable","13":"shipping-taxable","14":"purchasable","15":"product-type-simple"},"_links":{"self":[{"href":"https:\/\/reviewcardstore.com\/es\/wp-json\/wp\/v2\/product\/11518","targetHints":{"allow":["GET"]}}],"collection":[{"href":"https:\/\/reviewcardstore.com\/es\/wp-json\/wp\/v2\/product"}],"about":[{"href":"https:\/\/reviewcardstore.com\/es\/wp-json\/wp\/v2\/types\/product"}],"version-history":[{"count":3,"href":"https:\/\/reviewcardstore.com\/es\/wp-json\/wp\/v2\/product\/11518\/revisions"}],"predecessor-version":[{"id":12045,"href":"https:\/\/reviewcardstore.com\/es\/wp-json\/wp\/v2\/product\/11518\/revisions\/12045"}],"wp:featuredmedia":[{"embeddable":true,"href":"https:\/\/reviewcardstore.com\/es\/wp-json\/wp\/v2\/media\/11519"}],"wp:attachment":[{"href":"https:\/\/reviewcardstore.com\/es\/wp-json\/wp\/v2\/media?parent=11518"}],"wp:term":[{"taxonomy":"product_brand","embeddable":true,"href":"https:\/\/reviewcardstore.com\/es\/wp-json\/wp\/v2\/product_brand?post=11518"},{"taxonomy":"product_cat","embeddable":true,"href":"https:\/\/reviewcardstore.com\/es\/wp-json\/wp\/v2\/product_cat?post=11518"},{"taxonomy":"product_tag","embeddable":true,"href":"https:\/\/reviewcardstore.com\/es\/wp-json\/wp\/v2\/product_tag?post=11518"}],"curies":[{"name":"wp","href":"https:\/\/api.w.org\/{rel}","templated":true}]}}