{"id":11532,"date":"2024-08-29T14:47:53","date_gmt":"2024-08-29T12:47:53","guid":{"rendered":"https:\/\/reviewcardstore.com\/?post_type=product&#038;p=11532"},"modified":"2025-04-30T20:32:51","modified_gmt":"2025-04-30T18:32:51","slug":"placa-resenas-tripadvisor","status":"publish","type":"product","link":"https:\/\/reviewcardstore.com\/es\/product\/placa-resenas-tripadvisor\/","title":{"rendered":"Placa Rese\u00f1as Tripadvisor"},"content":{"rendered":"<p>Recopile opiniones f\u00e1cilmente en TripAdvisor con Placa de rese\u00f1as. Convi\u00e9rtase en el n\u00famero uno de TripAdvisor. Ideales para mostradores y mesas por donde pasan todos los clientes. Ya hemos recopilado m\u00e1s de 20.000 opiniones.<\/p>\n","protected":false},"excerpt":{"rendered":"<p>Recopile opiniones f\u00e1cilmente en TripAdvisor con Placa de rese\u00f1as. Convi\u00e9rtase en el n\u00famero uno de TripAdvisor. Ideales para mostradores y mesas por donde pasan todos los clientes. Ya hemos recopilado m\u00e1s de 20.000 opiniones.<\/p>\n","protected":false},"featured_media":11533,"template":"","meta":[],"product_brand":[],"product_cat":[290],"product_tag":[292,296],"class_list":{"0":"post-11532","1":"product","2":"type-product","3":"status-publish","4":"has-post-thumbnail","6":"product_cat-plates-es","7":"product_tag-bundle-save-plates-es","8":"product_tag-review-plate-tripadvisor-es","10":"first","11":"instock","12":"taxable","13":"shipping-taxable","14":"purchasable","15":"product-type-variable"},"_links":{"self":[{"href":"https:\/\/reviewcardstore.com\/es\/wp-json\/wp\/v2\/product\/11532","targetHints":{"allow":["GET"]}}],"collection":[{"href":"https:\/\/reviewcardstore.com\/es\/wp-json\/wp\/v2\/product"}],"about":[{"href":"https:\/\/reviewcardstore.com\/es\/wp-json\/wp\/v2\/types\/product"}],"version-history":[{"count":3,"href":"https:\/\/reviewcardstore.com\/es\/wp-json\/wp\/v2\/product\/11532\/revisions"}],"predecessor-version":[{"id":11776,"href":"https:\/\/reviewcardstore.com\/es\/wp-json\/wp\/v2\/product\/11532\/revisions\/11776"}],"wp:featuredmedia":[{"embeddable":true,"href":"https:\/\/reviewcardstore.com\/es\/wp-json\/wp\/v2\/media\/11533"}],"wp:attachment":[{"href":"https:\/\/reviewcardstore.com\/es\/wp-json\/wp\/v2\/media?parent=11532"}],"wp:term":[{"taxonomy":"product_brand","embeddable":true,"href":"https:\/\/reviewcardstore.com\/es\/wp-json\/wp\/v2\/product_brand?post=11532"},{"taxonomy":"product_cat","embeddable":true,"href":"https:\/\/reviewcardstore.com\/es\/wp-json\/wp\/v2\/product_cat?post=11532"},{"taxonomy":"product_tag","embeddable":true,"href":"https:\/\/reviewcardstore.com\/es\/wp-json\/wp\/v2\/product_tag?post=11532"}],"curies":[{"name":"wp","href":"https:\/\/api.w.org\/{rel}","templated":true}]}}