{"id":11539,"date":"2024-08-29T13:39:16","date_gmt":"2024-08-29T11:39:16","guid":{"rendered":"https:\/\/reviewcardstore.com\/?post_type=product&#038;p=11539"},"modified":"2025-04-30T20:32:40","modified_gmt":"2025-04-30T18:32:40","slug":"tarjeta-resenas-google","status":"publish","type":"product","link":"https:\/\/reviewcardstore.com\/es\/product\/tarjeta-resenas-google\/","title":{"rendered":"Tarjeta Rese\u00f1as Google"},"content":{"rendered":"<p>Recopila opiniones f\u00e1cilmente en Google con las Tarjetas de rese\u00f1as. Convi\u00e9rtase en el n\u00famero uno en Google. Ideal para que los proveedores de servicios soliciten opiniones directamente. Ya hemos recopilado m\u00e1s de 15.000 opiniones.<\/p>\n","protected":false},"excerpt":{"rendered":"<p>Recopila opiniones f\u00e1cilmente en Google con las Tarjetas de rese\u00f1as. Convi\u00e9rtase en el n\u00famero uno en Google. Ideal para que los proveedores de servicios soliciten opiniones directamente. Ya hemos recopilado m\u00e1s de 15.000 opiniones.<\/p>\n","protected":false},"featured_media":11540,"template":"","meta":[],"product_brand":[],"product_cat":[289],"product_tag":[298,297],"class_list":{"0":"post-11539","1":"product","2":"type-product","3":"status-publish","4":"has-post-thumbnail","6":"product_cat-cards-es","7":"product_tag-bundle-es","8":"product_tag-review-cards-google-es","10":"first","11":"instock","12":"taxable","13":"shipping-taxable","14":"purchasable","15":"product-type-variable"},"_links":{"self":[{"href":"https:\/\/reviewcardstore.com\/es\/wp-json\/wp\/v2\/product\/11539","targetHints":{"allow":["GET"]}}],"collection":[{"href":"https:\/\/reviewcardstore.com\/es\/wp-json\/wp\/v2\/product"}],"about":[{"href":"https:\/\/reviewcardstore.com\/es\/wp-json\/wp\/v2\/types\/product"}],"version-history":[{"count":3,"href":"https:\/\/reviewcardstore.com\/es\/wp-json\/wp\/v2\/product\/11539\/revisions"}],"predecessor-version":[{"id":11777,"href":"https:\/\/reviewcardstore.com\/es\/wp-json\/wp\/v2\/product\/11539\/revisions\/11777"}],"wp:featuredmedia":[{"embeddable":true,"href":"https:\/\/reviewcardstore.com\/es\/wp-json\/wp\/v2\/media\/11540"}],"wp:attachment":[{"href":"https:\/\/reviewcardstore.com\/es\/wp-json\/wp\/v2\/media?parent=11539"}],"wp:term":[{"taxonomy":"product_brand","embeddable":true,"href":"https:\/\/reviewcardstore.com\/es\/wp-json\/wp\/v2\/product_brand?post=11539"},{"taxonomy":"product_cat","embeddable":true,"href":"https:\/\/reviewcardstore.com\/es\/wp-json\/wp\/v2\/product_cat?post=11539"},{"taxonomy":"product_tag","embeddable":true,"href":"https:\/\/reviewcardstore.com\/es\/wp-json\/wp\/v2\/product_tag?post=11539"}],"curies":[{"name":"wp","href":"https:\/\/api.w.org\/{rel}","templated":true}]}}