{"id":11549,"date":"2024-08-24T11:58:40","date_gmt":"2024-08-24T09:58:40","guid":{"rendered":"https:\/\/reviewcardstore.com\/?post_type=product&#038;p=11549"},"modified":"2026-04-23T13:57:13","modified_gmt":"2026-04-23T11:57:13","slug":"placa-resenas-google","status":"publish","type":"product","link":"https:\/\/reviewcardstore.com\/es\/product\/placa-resenas-google\/","title":{"rendered":"Placa Rese\u00f1as Google"},"content":{"rendered":"<p>Recopila opiniones f\u00e1cilmente en Google con Placas de rese\u00f1as. Convi\u00e9rtase en el n\u00famero uno en Google. Ideal para mostradores y mesas por donde pasan todos los clientes. Ya hemos recogido m\u00e1s de 20.000 opiniones.<\/p>\n","protected":false},"excerpt":{"rendered":"<p>Recopila opiniones f\u00e1cilmente en Google con Placas de rese\u00f1as. Convi\u00e9rtase en el n\u00famero uno en Google. Ideal para mostradores y mesas por donde pasan todos los clientes. Ya hemos recogido m\u00e1s de 20.000 opiniones.<\/p>\n","protected":false},"featured_media":11550,"template":"","meta":[],"product_brand":[],"product_cat":[290],"product_tag":[300,292,299],"class_list":{"0":"post-11549","1":"product","2":"type-product","3":"status-publish","4":"has-post-thumbnail","6":"product_cat-plates-es","7":"product_tag-_bestseller-es","8":"product_tag-bundle-save-plates-es","9":"product_tag-review-plate-google-es","11":"first","12":"instock","13":"taxable","14":"shipping-taxable","15":"purchasable","16":"product-type-variable"},"_links":{"self":[{"href":"https:\/\/reviewcardstore.com\/es\/wp-json\/wp\/v2\/product\/11549","targetHints":{"allow":["GET"]}}],"collection":[{"href":"https:\/\/reviewcardstore.com\/es\/wp-json\/wp\/v2\/product"}],"about":[{"href":"https:\/\/reviewcardstore.com\/es\/wp-json\/wp\/v2\/types\/product"}],"version-history":[{"count":3,"href":"https:\/\/reviewcardstore.com\/es\/wp-json\/wp\/v2\/product\/11549\/revisions"}],"predecessor-version":[{"id":11779,"href":"https:\/\/reviewcardstore.com\/es\/wp-json\/wp\/v2\/product\/11549\/revisions\/11779"}],"wp:featuredmedia":[{"embeddable":true,"href":"https:\/\/reviewcardstore.com\/es\/wp-json\/wp\/v2\/media\/11550"}],"wp:attachment":[{"href":"https:\/\/reviewcardstore.com\/es\/wp-json\/wp\/v2\/media?parent=11549"}],"wp:term":[{"taxonomy":"product_brand","embeddable":true,"href":"https:\/\/reviewcardstore.com\/es\/wp-json\/wp\/v2\/product_brand?post=11549"},{"taxonomy":"product_cat","embeddable":true,"href":"https:\/\/reviewcardstore.com\/es\/wp-json\/wp\/v2\/product_cat?post=11549"},{"taxonomy":"product_tag","embeddable":true,"href":"https:\/\/reviewcardstore.com\/es\/wp-json\/wp\/v2\/product_tag?post=11549"}],"curies":[{"name":"wp","href":"https:\/\/api.w.org\/{rel}","templated":true}]}}