{"id":11563,"date":"2024-07-13T15:11:52","date_gmt":"2024-07-13T13:11:52","guid":{"rendered":"https:\/\/reviewcardstore.com\/?post_type=product&#038;p=11563"},"modified":"2025-04-30T20:29:26","modified_gmt":"2025-04-30T18:29:26","slug":"etiqueta-resenas-google","status":"publish","type":"product","link":"https:\/\/reviewcardstore.com\/es\/product\/etiqueta-resenas-google\/","title":{"rendered":"Etiqueta Rese\u00f1as Google"},"content":{"rendered":"<p>Recopila opiniones f\u00e1cilmente con las etiquetas de rese\u00f1as. Convi\u00e9rtase en el n\u00famero 1 de Google. Perfecto para espacios compactos como mesas de restaurante. M\u00e1s de 20.000 opiniones recopiladas.<\/p>\n","protected":false},"excerpt":{"rendered":"<p>Recopila opiniones f\u00e1cilmente con las etiquetas de rese\u00f1as. Convi\u00e9rtase en el n\u00famero 1 de Google. Perfecto para espacios compactos como mesas de restaurante. M\u00e1s de 20.000 opiniones recopiladas.<\/p>\n","protected":false},"featured_media":11564,"template":"","meta":[],"product_brand":[],"product_cat":[301],"product_tag":[298,302],"class_list":{"0":"post-11563","1":"product","2":"type-product","3":"status-publish","4":"has-post-thumbnail","6":"product_cat-tags-es","7":"product_tag-bundle-es","8":"product_tag-review-cards-horeca-es","10":"first","11":"instock","12":"taxable","13":"shipping-taxable","14":"purchasable","15":"product-type-variable"},"_links":{"self":[{"href":"https:\/\/reviewcardstore.com\/es\/wp-json\/wp\/v2\/product\/11563","targetHints":{"allow":["GET"]}}],"collection":[{"href":"https:\/\/reviewcardstore.com\/es\/wp-json\/wp\/v2\/product"}],"about":[{"href":"https:\/\/reviewcardstore.com\/es\/wp-json\/wp\/v2\/types\/product"}],"version-history":[{"count":3,"href":"https:\/\/reviewcardstore.com\/es\/wp-json\/wp\/v2\/product\/11563\/revisions"}],"predecessor-version":[{"id":11780,"href":"https:\/\/reviewcardstore.com\/es\/wp-json\/wp\/v2\/product\/11563\/revisions\/11780"}],"wp:featuredmedia":[{"embeddable":true,"href":"https:\/\/reviewcardstore.com\/es\/wp-json\/wp\/v2\/media\/11564"}],"wp:attachment":[{"href":"https:\/\/reviewcardstore.com\/es\/wp-json\/wp\/v2\/media?parent=11563"}],"wp:term":[{"taxonomy":"product_brand","embeddable":true,"href":"https:\/\/reviewcardstore.com\/es\/wp-json\/wp\/v2\/product_brand?post=11563"},{"taxonomy":"product_cat","embeddable":true,"href":"https:\/\/reviewcardstore.com\/es\/wp-json\/wp\/v2\/product_cat?post=11563"},{"taxonomy":"product_tag","embeddable":true,"href":"https:\/\/reviewcardstore.com\/es\/wp-json\/wp\/v2\/product_tag?post=11563"}],"curies":[{"name":"wp","href":"https:\/\/api.w.org\/{rel}","templated":true}]}}