{"id":10141,"date":"2024-11-26T16:31:48","date_gmt":"2024-11-26T15:31:48","guid":{"rendered":"https:\/\/reviewcardstore.com\/?page_id=10141"},"modified":"2025-03-26T19:51:44","modified_gmt":"2025-03-26T18:51:44","slug":"comment-trouver-votre-lien-devaluation-tripadvisor","status":"publish","type":"page","link":"https:\/\/reviewcardstore.com\/fr\/comment-trouver-votre-lien-devaluation-tripadvisor\/","title":{"rendered":"Comment trouver votre lien d&rsquo;\u00e9valuation Tripadvisor ?"},"content":{"rendered":"\t\t<div data-elementor-type=\"wp-page\" data-elementor-id=\"10141\" class=\"elementor elementor-10141 elementor-4681\" data-elementor-post-type=\"page\">\n\t\t\t\t<div class=\"elementor-element elementor-element-65946e8 e-flex e-con-boxed e-con e-parent\" data-id=\"65946e8\" data-element_type=\"container\" data-e-type=\"container\">\n\t\t\t\t\t<div class=\"e-con-inner\">\n\t\t\t\t<div class=\"elementor-element elementor-element-cf1ad8d elementor-widget elementor-widget-heading\" data-id=\"cf1ad8d\" data-element_type=\"widget\" data-e-type=\"widget\" data-widget_type=\"heading.default\">\n\t\t\t\t<div class=\"elementor-widget-container\">\n\t\t\t\t\t<h1 class=\"elementor-heading-title elementor-size-default\">Comment trouver votre lien d'\u00e9valuation Tripadvisor ?<\/h1>\t\t\t\t<\/div>\n\t\t\t\t<\/div>\n\t\t\t\t\t<\/div>\n\t\t\t\t<\/div>\n\t\t<div class=\"elementor-element elementor-element-c8dac3f e-flex e-con-boxed e-con e-parent\" data-id=\"c8dac3f\" data-element_type=\"container\" data-e-type=\"container\">\n\t\t\t\t\t<div class=\"e-con-inner\">\n\t\t\t\t<div class=\"elementor-element elementor-element-0987f3d elementor-widget elementor-widget-heading\" data-id=\"0987f3d\" data-element_type=\"widget\" data-e-type=\"widget\" data-widget_type=\"heading.default\">\n\t\t\t\t<div class=\"elementor-widget-container\">\n\t\t\t\t\t<h2 class=\"elementor-heading-title elementor-size-default\">\u00c9tape 1 : Naviguez vers https:\/\/www.tripadvisor.com\/<\/h2>\t\t\t\t<\/div>\n\t\t\t\t<\/div>\n\t\t\t\t<div class=\"elementor-element elementor-element-15f1417 elementor-widget elementor-widget-heading\" data-id=\"15f1417\" data-element_type=\"widget\" data-e-type=\"widget\" data-widget_type=\"heading.default\">\n\t\t\t\t<div class=\"elementor-widget-container\">\n\t\t\t\t\t<h2 class=\"elementor-heading-title elementor-size-default\">\u00c9tape 2 : Cliquez sur le champ de recherche.<\/h2>\t\t\t\t<\/div>\n\t\t\t\t<\/div>\n\t\t\t\t<div class=\"elementor-element elementor-element-96f3725 elementor-widget elementor-widget-image\" data-id=\"96f3725\" data-element_type=\"widget\" data-e-type=\"widget\" data-widget_type=\"image.default\">\n\t\t\t\t<div class=\"elementor-widget-container\">\n\t\t\t\t\t\t\t\t\t\t\t\t\t\t\t<img loading=\"lazy\" decoding=\"async\" width=\"2560\" height=\"1351\" src=\"https:\/\/reviewcardstore.com\/wp-content\/uploads\/2024\/11\/ascreenshot-scaled.jpeg\" class=\"attachment-full size-full wp-image-10142\" alt=\"\" srcset=\"https:\/\/reviewcardstore.com\/wp-content\/uploads\/2024\/11\/ascreenshot-scaled.jpeg 2560w, https:\/\/reviewcardstore.com\/wp-content\/uploads\/2024\/11\/ascreenshot-300x158.jpeg 300w, https:\/\/reviewcardstore.com\/wp-content\/uploads\/2024\/11\/ascreenshot-1024x541.jpeg 1024w, https:\/\/reviewcardstore.com\/wp-content\/uploads\/2024\/11\/ascreenshot-768x405.jpeg 768w, https:\/\/reviewcardstore.com\/wp-content\/uploads\/2024\/11\/ascreenshot-1536x811.jpeg 1536w, https:\/\/reviewcardstore.com\/wp-content\/uploads\/2024\/11\/ascreenshot-2048x1081.jpeg 2048w, https:\/\/reviewcardstore.com\/wp-content\/uploads\/2024\/11\/ascreenshot-600x317.jpeg 600w\" sizes=\"auto, (max-width: 2560px) 100vw, 2560px\" \/>\t\t\t\t\t\t\t\t\t\t\t\t\t\t\t<\/div>\n\t\t\t\t<\/div>\n\t\t\t\t<div class=\"elementor-element elementor-element-e8060f6 elementor-widget elementor-widget-heading\" data-id=\"e8060f6\" data-element_type=\"widget\" data-e-type=\"widget\" data-widget_type=\"heading.default\">\n\t\t\t\t<div class=\"elementor-widget-container\">\n\t\t\t\t\t<h2 class=\"elementor-heading-title elementor-size-default\">\u00c9tape 3 : Recherchez votre entreprise sur Tripadvisor.<\/h2>\t\t\t\t<\/div>\n\t\t\t\t<\/div>\n\t\t\t\t<div class=\"elementor-element elementor-element-09e7ac8 elementor-widget elementor-widget-image\" data-id=\"09e7ac8\" data-element_type=\"widget\" data-e-type=\"widget\" data-widget_type=\"image.default\">\n\t\t\t\t<div class=\"elementor-widget-container\">\n\t\t\t\t\t\t\t\t\t\t\t\t\t\t\t<img loading=\"lazy\" decoding=\"async\" width=\"2560\" height=\"1351\" src=\"https:\/\/reviewcardstore.com\/wp-content\/uploads\/2024\/11\/ascreenshot-1-scaled.jpeg\" class=\"attachment-full size-full wp-image-10143\" alt=\"\" srcset=\"https:\/\/reviewcardstore.com\/wp-content\/uploads\/2024\/11\/ascreenshot-1-scaled.jpeg 2560w, https:\/\/reviewcardstore.com\/wp-content\/uploads\/2024\/11\/ascreenshot-1-300x158.jpeg 300w, https:\/\/reviewcardstore.com\/wp-content\/uploads\/2024\/11\/ascreenshot-1-1024x541.jpeg 1024w, https:\/\/reviewcardstore.com\/wp-content\/uploads\/2024\/11\/ascreenshot-1-768x405.jpeg 768w, https:\/\/reviewcardstore.com\/wp-content\/uploads\/2024\/11\/ascreenshot-1-1536x811.jpeg 1536w, https:\/\/reviewcardstore.com\/wp-content\/uploads\/2024\/11\/ascreenshot-1-2048x1081.jpeg 2048w, https:\/\/reviewcardstore.com\/wp-content\/uploads\/2024\/11\/ascreenshot-1-600x317.jpeg 600w\" sizes=\"auto, (max-width: 2560px) 100vw, 2560px\" \/>\t\t\t\t\t\t\t\t\t\t\t\t\t\t\t<\/div>\n\t\t\t\t<\/div>\n\t\t\t\t<div class=\"elementor-element elementor-element-e4f4faf elementor-widget elementor-widget-heading\" data-id=\"e4f4faf\" data-element_type=\"widget\" data-e-type=\"widget\" data-widget_type=\"heading.default\">\n\t\t\t\t<div class=\"elementor-widget-container\">\n\t\t\t\t\t<h2 class=\"elementor-heading-title elementor-size-default\">\u00c9tape 4 : Cliquez sur \"R\u00e9diger un avis\".<\/h2>\t\t\t\t<\/div>\n\t\t\t\t<\/div>\n\t\t\t\t<div class=\"elementor-element elementor-element-207928a elementor-widget elementor-widget-image\" data-id=\"207928a\" data-element_type=\"widget\" data-e-type=\"widget\" data-widget_type=\"image.default\">\n\t\t\t\t<div class=\"elementor-widget-container\">\n\t\t\t\t\t\t\t\t\t\t\t\t\t\t\t<img loading=\"lazy\" decoding=\"async\" width=\"2560\" height=\"1351\" src=\"https:\/\/reviewcardstore.com\/wp-content\/uploads\/2024\/11\/ascreenshot-2-scaled.jpeg\" class=\"attachment-full size-full wp-image-10144\" alt=\"\" srcset=\"https:\/\/reviewcardstore.com\/wp-content\/uploads\/2024\/11\/ascreenshot-2-scaled.jpeg 2560w, https:\/\/reviewcardstore.com\/wp-content\/uploads\/2024\/11\/ascreenshot-2-300x158.jpeg 300w, https:\/\/reviewcardstore.com\/wp-content\/uploads\/2024\/11\/ascreenshot-2-1024x541.jpeg 1024w, https:\/\/reviewcardstore.com\/wp-content\/uploads\/2024\/11\/ascreenshot-2-768x405.jpeg 768w, https:\/\/reviewcardstore.com\/wp-content\/uploads\/2024\/11\/ascreenshot-2-1536x811.jpeg 1536w, https:\/\/reviewcardstore.com\/wp-content\/uploads\/2024\/11\/ascreenshot-2-2048x1081.jpeg 2048w, https:\/\/reviewcardstore.com\/wp-content\/uploads\/2024\/11\/ascreenshot-2-600x317.jpeg 600w\" sizes=\"auto, (max-width: 2560px) 100vw, 2560px\" \/>\t\t\t\t\t\t\t\t\t\t\t\t\t\t\t<\/div>\n\t\t\t\t<\/div>\n\t\t\t\t<div class=\"elementor-element elementor-element-ff5b6bc elementor-widget elementor-widget-heading\" data-id=\"ff5b6bc\" data-element_type=\"widget\" data-e-type=\"widget\" data-widget_type=\"heading.default\">\n\t\t\t\t<div class=\"elementor-widget-container\">\n\t\t\t\t\t<h2 class=\"elementor-heading-title elementor-size-default\">\u00c9tape 5 : Copiez le lien et collez-le dans l'application de Review Cards.<\/h2>\t\t\t\t<\/div>\n\t\t\t\t<\/div>\n\t\t\t\t<div class=\"elementor-element elementor-element-b717a17 elementor-widget elementor-widget-image\" data-id=\"b717a17\" data-element_type=\"widget\" data-e-type=\"widget\" data-widget_type=\"image.default\">\n\t\t\t\t<div class=\"elementor-widget-container\">\n\t\t\t\t\t\t\t\t\t\t\t\t\t\t\t<img loading=\"lazy\" decoding=\"async\" width=\"2936\" height=\"1648\" src=\"https:\/\/reviewcardstore.com\/wp-content\/uploads\/2024\/11\/Scherm\u00adafbeelding-2024-11-26-om-16.28.50.png\" class=\"attachment-full size-full wp-image-10145\" alt=\"\" srcset=\"https:\/\/reviewcardstore.com\/wp-content\/uploads\/2024\/11\/Scherm\u00adafbeelding-2024-11-26-om-16.28.50.png 2936w, https:\/\/reviewcardstore.com\/wp-content\/uploads\/2024\/11\/Scherm\u00adafbeelding-2024-11-26-om-16.28.50-300x168.png 300w, https:\/\/reviewcardstore.com\/wp-content\/uploads\/2024\/11\/Scherm\u00adafbeelding-2024-11-26-om-16.28.50-1024x575.png 1024w, https:\/\/reviewcardstore.com\/wp-content\/uploads\/2024\/11\/Scherm\u00adafbeelding-2024-11-26-om-16.28.50-768x431.png 768w, https:\/\/reviewcardstore.com\/wp-content\/uploads\/2024\/11\/Scherm\u00adafbeelding-2024-11-26-om-16.28.50-1536x862.png 1536w, https:\/\/reviewcardstore.com\/wp-content\/uploads\/2024\/11\/Scherm\u00adafbeelding-2024-11-26-om-16.28.50-2048x1150.png 2048w, https:\/\/reviewcardstore.com\/wp-content\/uploads\/2024\/11\/Scherm\u00adafbeelding-2024-11-26-om-16.28.50-600x337.png 600w\" sizes=\"auto, (max-width: 2936px) 100vw, 2936px\" \/>\t\t\t\t\t\t\t\t\t\t\t\t\t\t\t<\/div>\n\t\t\t\t<\/div>\n\t\t\t\t\t<\/div>\n\t\t\t\t<\/div>\n\t\t\t\t<\/div>\n\t\t","protected":false},"excerpt":{"rendered":"<p>Comment trouver votre lien d&rsquo;\u00e9valuation Tripadvisor ? \u00c9tape 1 : Naviguez vers https:\/\/www.tripadvisor.com\/ \u00c9tape 2 : Cliquez sur le champ de recherche. \u00c9tape 3 : Recherchez votre entreprise sur Tripadvisor. \u00c9tape 4 : Cliquez sur \u00ab\u00a0R\u00e9diger un avis\u00a0\u00bb. \u00c9tape 5 : Copiez le lien et collez-le dans l&rsquo;application de Review Cards.<\/p>\n","protected":false},"author":1,"featured_media":0,"parent":0,"menu_order":0,"comment_status":"closed","ping_status":"closed","template":"","meta":{"footnotes":""},"class_list":["post-10141","page","type-page","status-publish","hentry"],"_links":{"self":[{"href":"https:\/\/reviewcardstore.com\/fr\/wp-json\/wp\/v2\/pages\/10141","targetHints":{"allow":["GET"]}}],"collection":[{"href":"https:\/\/reviewcardstore.com\/fr\/wp-json\/wp\/v2\/pages"}],"about":[{"href":"https:\/\/reviewcardstore.com\/fr\/wp-json\/wp\/v2\/types\/page"}],"author":[{"embeddable":true,"href":"https:\/\/reviewcardstore.com\/fr\/wp-json\/wp\/v2\/users\/1"}],"replies":[{"embeddable":true,"href":"https:\/\/reviewcardstore.com\/fr\/wp-json\/wp\/v2\/comments?post=10141"}],"version-history":[{"count":1,"href":"https:\/\/reviewcardstore.com\/fr\/wp-json\/wp\/v2\/pages\/10141\/revisions"}],"predecessor-version":[{"id":10146,"href":"https:\/\/reviewcardstore.com\/fr\/wp-json\/wp\/v2\/pages\/10141\/revisions\/10146"}],"wp:attachment":[{"href":"https:\/\/reviewcardstore.com\/fr\/wp-json\/wp\/v2\/media?parent=10141"}],"curies":[{"name":"wp","href":"https:\/\/api.w.org\/{rel}","templated":true}]}}