{"id":10149,"date":"2024-07-16T18:28:49","date_gmt":"2024-07-16T16:28:49","guid":{"rendered":"https:\/\/reviewcardstore.com\/?page_id=10149"},"modified":"2025-03-26T19:52:23","modified_gmt":"2025-03-26T18:52:23","slug":"politique-de-confidentialite","status":"publish","type":"page","link":"https:\/\/reviewcardstore.com\/fr\/politique-de-confidentialite\/","title":{"rendered":"Politique de confidentialit\u00e9"},"content":{"rendered":"\n<p>Derni\u00e8re mise \u00e0 jour : 18\/09\/2023<\/p>\n\n<p>Bienvenue sur UrWeb.<\/p>\n\n<p>Cette politique de confidentialit\u00e9 d\u00e9crit comment UrWeb, situ\u00e9 \u00e0 9100 Sint-Niklaas, Houten Schoen 96C002, Belgique, et enregistr\u00e9 sous le num\u00e9ro d&rsquo;entreprise BE0805971515, collecte, utilise, stocke et prot\u00e8ge les informations personnelles lorsque vous visitez notre site web urweb.be et utilisez notre formulaire de contact.<\/p>\n\n<p>Donn\u00e9es collect\u00e9es<\/p>\n\n<p>Par le biais de notre formulaire de contact, nous collectons les donn\u00e9es personnelles suivantes : nom, adresse \u00e9lectronique et num\u00e9ro de t\u00e9l\u00e9phone. Ces donn\u00e9es sont collect\u00e9es lorsque vous remplissez et soumettez le formulaire de contact pour nous contacter. <\/p>\n\n<p>Objectif de la collecte de donn\u00e9es<\/p>\n\n<p>Nous utilisons les donn\u00e9es collect\u00e9es pour contacter les clients et r\u00e9pondre aux questions et demandes soumises via le formulaire de contact.<\/p>\n\n<p>Stockage et s\u00e9curit\u00e9 des donn\u00e9es<\/p>\n\n<p>Les donn\u00e9es collect\u00e9es sont stock\u00e9es via le formulaire de contact de notre site web WordPress, h\u00e9berg\u00e9 par EasyHost. Nous prenons des mesures techniques et organisationnelles raisonnables pour assurer la s\u00e9curit\u00e9 de vos donn\u00e9es et emp\u00eacher l&rsquo;acc\u00e8s non autoris\u00e9, la perte, l&rsquo;utilisation abusive ou la modification. <\/p>\n\n<p>Technologies de suivi<\/p>\n\n<p>Nous utilisons des technologies de suivi, telles que Google Tag Manager et Google AdWords, pour r\u00e9aliser des analyses de site web et des activit\u00e9s de marketing. Ces technologies peuvent collecter des informations sur votre comportement de navigation sur notre site web. <\/p>\n\n<p>Transfert de donn\u00e9es<\/p>\n\n<p>Nous ne partageons pas les donn\u00e9es collect\u00e9es avec des tiers. Les donn\u00e9es sont conserv\u00e9es en interne et utilis\u00e9es uniquement aux fins pour lesquelles elles ont \u00e9t\u00e9 collect\u00e9es. <\/p>\n\n<p>D\u00e9lais de conservation<\/p>\n\n<p>Nous conservons vos donn\u00e9es personnelles aussi longtemps que n\u00e9cessaire pour atteindre l&rsquo;objectif de la collecte des donn\u00e9es, \u00e0 moins qu&rsquo;une p\u00e9riode de conservation plus longue ne soit requise ou autoris\u00e9e par la loi.<\/p>\n\n<p>Droits des utilisateurs<\/p>\n\n<p>Vous avez le droit d&rsquo;acc\u00e9der \u00e0 vos donn\u00e9es personnelles, de les corriger ou de les supprimer. Veuillez nous contacter \u00e0 l&rsquo;adresse info@urweb.be pour faire votre demande. <\/p>\n\n<p>Utilisateurs mineurs<\/p>\n\n<p>Nos services ne sont pas destin\u00e9s aux mineurs de moins de 16 ans. C&rsquo;est d\u00e9lib\u00e9r\u00e9ment que nous ne collectons pas de donn\u00e9es \u00e0 caract\u00e8re personnel aupr\u00e8s de mineurs. <\/p>\n\n<p>Transfert international de donn\u00e9es<\/p>\n\n<p>Si vous \u00eates situ\u00e9 en dehors de la Belgique et que vous d\u00e9cidez de nous fournir vos donn\u00e9es personnelles, vous acceptez que nous transf\u00e9rions et traitions vos donn\u00e9es en Belgique. Nous prendrons des mesures pour garantir que vos donn\u00e9es sont prot\u00e9g\u00e9es de mani\u00e8re ad\u00e9quate en vertu de la l\u00e9gislation applicable. <\/p>\n\n<p>Coordonn\u00e9es de la personne \u00e0 contacter<\/p>\n\n<p>Pour toute question, commentaire ou demande concernant la pr\u00e9sente politique de confidentialit\u00e9, veuillez nous contacter \u00e0 l&rsquo;adresse info@urweb.be.<\/p>\n\n<p>Modifications de la politique de confidentialit\u00e9<\/p>\n\n<p>Nous nous r\u00e9servons le droit de mettre \u00e0 jour cette politique de confidentialit\u00e9 \u00e0 tout moment. Toute modification sera publi\u00e9e sur notre site web et la date de la derni\u00e8re r\u00e9vision figurera en t\u00eate de la politique. Nous vous recommandons de v\u00e9rifier r\u00e9guli\u00e8rement si la politique de confidentialit\u00e9 a \u00e9t\u00e9 mise \u00e0 jour.  <\/p>\n","protected":false},"excerpt":{"rendered":"<p>Derni\u00e8re mise \u00e0 jour : 18\/09\/2023 Bienvenue sur UrWeb. Cette politique de confidentialit\u00e9 d\u00e9crit comment UrWeb, situ\u00e9 \u00e0 9100 Sint-Niklaas, Houten Schoen 96C002, Belgique, et enregistr\u00e9 sous le num\u00e9ro d&rsquo;entreprise BE0805971515, collecte, utilise, stocke et prot\u00e8ge les informations personnelles lorsque vous visitez notre site web urweb.be et utilisez notre formulaire de contact. Donn\u00e9es collect\u00e9es Par [&hellip;]<\/p>\n","protected":false},"author":1,"featured_media":0,"parent":0,"menu_order":0,"comment_status":"closed","ping_status":"closed","template":"","meta":{"footnotes":""},"class_list":["post-10149","page","type-page","status-publish","hentry"],"_links":{"self":[{"href":"https:\/\/reviewcardstore.com\/fr\/wp-json\/wp\/v2\/pages\/10149","targetHints":{"allow":["GET"]}}],"collection":[{"href":"https:\/\/reviewcardstore.com\/fr\/wp-json\/wp\/v2\/pages"}],"about":[{"href":"https:\/\/reviewcardstore.com\/fr\/wp-json\/wp\/v2\/types\/page"}],"author":[{"embeddable":true,"href":"https:\/\/reviewcardstore.com\/fr\/wp-json\/wp\/v2\/users\/1"}],"replies":[{"embeddable":true,"href":"https:\/\/reviewcardstore.com\/fr\/wp-json\/wp\/v2\/comments?post=10149"}],"version-history":[{"count":1,"href":"https:\/\/reviewcardstore.com\/fr\/wp-json\/wp\/v2\/pages\/10149\/revisions"}],"predecessor-version":[{"id":10150,"href":"https:\/\/reviewcardstore.com\/fr\/wp-json\/wp\/v2\/pages\/10149\/revisions\/10150"}],"wp:attachment":[{"href":"https:\/\/reviewcardstore.com\/fr\/wp-json\/wp\/v2\/media?parent=10149"}],"curies":[{"name":"wp","href":"https:\/\/api.w.org\/{rel}","templated":true}]}}