{"id":10163,"date":"2025-02-25T20:35:44","date_gmt":"2025-02-25T19:35:44","guid":{"rendered":"https:\/\/reviewcardstore.com\/?post_type=product&#038;p=10163"},"modified":"2025-03-26T19:30:23","modified_gmt":"2025-03-26T18:30:23","slug":"assurance-expedition","status":"publish","type":"product","link":"https:\/\/reviewcardstore.com\/fr\/product\/assurance-expedition\/","title":{"rendered":"Assurance Exp\u00e9dition"},"content":{"rendered":"","protected":false},"excerpt":{"rendered":"<p class=\"p1\">Prot\u00e9gez votre commande gr\u00e2ce \u00e0 notre assurance exp\u00e9dition compl\u00e8te. Dans le cas rare d&rsquo;un dommage, d&rsquo;une perte ou d&rsquo;un vol pendant le transport, nous vous couvrons.<\/p>\n","protected":false},"featured_media":10164,"template":"","meta":[],"product_brand":[],"product_cat":[254],"product_tag":[],"class_list":{"0":"post-10163","1":"product","2":"type-product","3":"status-publish","4":"has-post-thumbnail","6":"product_cat-non-classe","8":"first","9":"instock","10":"sold-individually","11":"taxable","12":"shipping-taxable","13":"purchasable","14":"product-type-simple"},"_links":{"self":[{"href":"https:\/\/reviewcardstore.com\/fr\/wp-json\/wp\/v2\/product\/10163","targetHints":{"allow":["GET"]}}],"collection":[{"href":"https:\/\/reviewcardstore.com\/fr\/wp-json\/wp\/v2\/product"}],"about":[{"href":"https:\/\/reviewcardstore.com\/fr\/wp-json\/wp\/v2\/types\/product"}],"version-history":[{"count":1,"href":"https:\/\/reviewcardstore.com\/fr\/wp-json\/wp\/v2\/product\/10163\/revisions"}],"predecessor-version":[{"id":10316,"href":"https:\/\/reviewcardstore.com\/fr\/wp-json\/wp\/v2\/product\/10163\/revisions\/10316"}],"wp:featuredmedia":[{"embeddable":true,"href":"https:\/\/reviewcardstore.com\/fr\/wp-json\/wp\/v2\/media\/10164"}],"wp:attachment":[{"href":"https:\/\/reviewcardstore.com\/fr\/wp-json\/wp\/v2\/media?parent=10163"}],"wp:term":[{"taxonomy":"product_brand","embeddable":true,"href":"https:\/\/reviewcardstore.com\/fr\/wp-json\/wp\/v2\/product_brand?post=10163"},{"taxonomy":"product_cat","embeddable":true,"href":"https:\/\/reviewcardstore.com\/fr\/wp-json\/wp\/v2\/product_cat?post=10163"},{"taxonomy":"product_tag","embeddable":true,"href":"https:\/\/reviewcardstore.com\/fr\/wp-json\/wp\/v2\/product_tag?post=10163"}],"curies":[{"name":"wp","href":"https:\/\/api.w.org\/{rel}","templated":true}]}}