{"id":10170,"date":"2025-02-15T14:28:12","date_gmt":"2025-02-15T13:28:12","guid":{"rendered":"https:\/\/reviewcardstore.com\/?post_type=product&#038;p=10170"},"modified":"2025-05-28T19:48:05","modified_gmt":"2025-05-28T17:48:05","slug":"pack-croissance","status":"publish","type":"product","link":"https:\/\/reviewcardstore.com\/fr\/product\/pack-croissance\/","title":{"rendered":"Pack Croissance"},"content":{"rendered":"","protected":false},"excerpt":{"rendered":"<p class=\"p1\">Faites passer votre cr\u00e9dibilit\u00e9 au niveau sup\u00e9rieur. Parfait pour les entreprises en pleine croissance qui souhaitent recueillir davantage d&rsquo;avis de clients et renforcer la confiance.<\/p>\n","protected":false},"featured_media":10171,"template":"","meta":[],"product_brand":[],"product_cat":[255],"product_tag":[256],"class_list":{"0":"post-10170","1":"product","2":"type-product","3":"status-publish","4":"has-post-thumbnail","6":"product_cat-bundles-fr","7":"product_tag-bundle-1-fr","9":"first","10":"instock","11":"sale","12":"taxable","13":"shipping-taxable","14":"purchasable","15":"product-type-easy_product_bundle"},"_links":{"self":[{"href":"https:\/\/reviewcardstore.com\/fr\/wp-json\/wp\/v2\/product\/10170","targetHints":{"allow":["GET"]}}],"collection":[{"href":"https:\/\/reviewcardstore.com\/fr\/wp-json\/wp\/v2\/product"}],"about":[{"href":"https:\/\/reviewcardstore.com\/fr\/wp-json\/wp\/v2\/types\/product"}],"version-history":[{"count":2,"href":"https:\/\/reviewcardstore.com\/fr\/wp-json\/wp\/v2\/product\/10170\/revisions"}],"predecessor-version":[{"id":11087,"href":"https:\/\/reviewcardstore.com\/fr\/wp-json\/wp\/v2\/product\/10170\/revisions\/11087"}],"wp:featuredmedia":[{"embeddable":true,"href":"https:\/\/reviewcardstore.com\/fr\/wp-json\/wp\/v2\/media\/10171"}],"wp:attachment":[{"href":"https:\/\/reviewcardstore.com\/fr\/wp-json\/wp\/v2\/media?parent=10170"}],"wp:term":[{"taxonomy":"product_brand","embeddable":true,"href":"https:\/\/reviewcardstore.com\/fr\/wp-json\/wp\/v2\/product_brand?post=10170"},{"taxonomy":"product_cat","embeddable":true,"href":"https:\/\/reviewcardstore.com\/fr\/wp-json\/wp\/v2\/product_cat?post=10170"},{"taxonomy":"product_tag","embeddable":true,"href":"https:\/\/reviewcardstore.com\/fr\/wp-json\/wp\/v2\/product_tag?post=10170"}],"curies":[{"name":"wp","href":"https:\/\/api.w.org\/{rel}","templated":true}]}}