{"id":10183,"date":"2025-02-14T19:26:54","date_gmt":"2025-02-14T18:26:54","guid":{"rendered":"https:\/\/reviewcardstore.com\/?post_type=product&#038;p=10183"},"modified":"2025-03-27T18:22:39","modified_gmt":"2025-03-27T17:22:39","slug":"pack-economique-3-plaques","status":"publish","type":"product","link":"https:\/\/reviewcardstore.com\/fr\/product\/pack-economique-3-plaques\/","title":{"rendered":"Pack \u00c9conomique: 3 Plaques"},"content":{"rendered":"","protected":false},"excerpt":{"rendered":"<p>Id\u00e9al pour les comptoirs et les tables o\u00f9 chaque client passe<\/p>\n","protected":false},"featured_media":10184,"template":"","meta":[],"product_brand":[],"product_cat":[255],"product_tag":[256],"class_list":{"0":"post-10183","1":"product","2":"type-product","3":"status-publish","4":"has-post-thumbnail","6":"product_cat-bundles-fr","7":"product_tag-bundle-1-fr","9":"first","10":"instock","11":"sale","12":"taxable","13":"shipping-taxable","14":"purchasable","15":"product-type-easy_product_bundle"},"_links":{"self":[{"href":"https:\/\/reviewcardstore.com\/fr\/wp-json\/wp\/v2\/product\/10183","targetHints":{"allow":["GET"]}}],"collection":[{"href":"https:\/\/reviewcardstore.com\/fr\/wp-json\/wp\/v2\/product"}],"about":[{"href":"https:\/\/reviewcardstore.com\/fr\/wp-json\/wp\/v2\/types\/product"}],"version-history":[{"count":1,"href":"https:\/\/reviewcardstore.com\/fr\/wp-json\/wp\/v2\/product\/10183\/revisions"}],"predecessor-version":[{"id":10321,"href":"https:\/\/reviewcardstore.com\/fr\/wp-json\/wp\/v2\/product\/10183\/revisions\/10321"}],"wp:featuredmedia":[{"embeddable":true,"href":"https:\/\/reviewcardstore.com\/fr\/wp-json\/wp\/v2\/media\/10184"}],"wp:attachment":[{"href":"https:\/\/reviewcardstore.com\/fr\/wp-json\/wp\/v2\/media?parent=10183"}],"wp:term":[{"taxonomy":"product_brand","embeddable":true,"href":"https:\/\/reviewcardstore.com\/fr\/wp-json\/wp\/v2\/product_brand?post=10183"},{"taxonomy":"product_cat","embeddable":true,"href":"https:\/\/reviewcardstore.com\/fr\/wp-json\/wp\/v2\/product_cat?post=10183"},{"taxonomy":"product_tag","embeddable":true,"href":"https:\/\/reviewcardstore.com\/fr\/wp-json\/wp\/v2\/product_tag?post=10183"}],"curies":[{"name":"wp","href":"https:\/\/api.w.org\/{rel}","templated":true}]}}