{"id":10190,"date":"2024-12-11T17:15:47","date_gmt":"2024-12-11T16:15:47","guid":{"rendered":"https:\/\/reviewcardstore.com\/?post_type=product&#038;p=10190"},"modified":"2025-10-05T18:41:01","modified_gmt":"2025-10-05T16:41:01","slug":"plaque-instagram","status":"publish","type":"product","link":"https:\/\/reviewcardstore.com\/fr\/product\/plaque-instagram\/","title":{"rendered":"Plaque Instagram"},"content":{"rendered":"<p>Facilitez la vie de vos visiteurs en leur permettant de suivre votre Instagram ! Avec nos plaques Instagram, il leur suffit de tapoter ou de scanner :<\/p>\n<ul>\n<li>Plus de \u00ab likes \u00bb et de \u00ab followers \u00bb instantan\u00e9ment<\/li>\n<li>Plus d&rsquo;engagement sur les m\u00e9dias sociaux<\/li>\n<li>Plus de visibilit\u00e9 pour les futurs clients<\/li>\n<\/ul>\n","protected":false},"excerpt":{"rendered":"<p>Facilitez la vie de vos visiteurs en leur permettant de suivre votre Instagram ! Avec nos plaques Instagram, il leur suffit de tapoter ou de scanner : Plus de \u00ab likes \u00bb et de \u00ab followers \u00bb instantan\u00e9ment Plus d&rsquo;engagement sur les m\u00e9dias sociaux Plus de visibilit\u00e9 pour les futurs clients<\/p>\n","protected":false},"featured_media":10191,"template":"","meta":[],"product_brand":[],"product_cat":[258],"product_tag":[260,259],"class_list":{"0":"post-10190","1":"product","2":"type-product","3":"status-publish","4":"has-post-thumbnail","6":"product_cat-plates-fr","7":"product_tag-bundle-save-plates-fr","8":"product_tag-instagram-plate-fr","10":"first","11":"instock","12":"taxable","13":"shipping-taxable","14":"purchasable","15":"product-type-simple"},"_links":{"self":[{"href":"https:\/\/reviewcardstore.com\/fr\/wp-json\/wp\/v2\/product\/10190","targetHints":{"allow":["GET"]}}],"collection":[{"href":"https:\/\/reviewcardstore.com\/fr\/wp-json\/wp\/v2\/product"}],"about":[{"href":"https:\/\/reviewcardstore.com\/fr\/wp-json\/wp\/v2\/types\/product"}],"version-history":[{"count":4,"href":"https:\/\/reviewcardstore.com\/fr\/wp-json\/wp\/v2\/product\/10190\/revisions"}],"predecessor-version":[{"id":13458,"href":"https:\/\/reviewcardstore.com\/fr\/wp-json\/wp\/v2\/product\/10190\/revisions\/13458"}],"wp:featuredmedia":[{"embeddable":true,"href":"https:\/\/reviewcardstore.com\/fr\/wp-json\/wp\/v2\/media\/10191"}],"wp:attachment":[{"href":"https:\/\/reviewcardstore.com\/fr\/wp-json\/wp\/v2\/media?parent=10190"}],"wp:term":[{"taxonomy":"product_brand","embeddable":true,"href":"https:\/\/reviewcardstore.com\/fr\/wp-json\/wp\/v2\/product_brand?post=10190"},{"taxonomy":"product_cat","embeddable":true,"href":"https:\/\/reviewcardstore.com\/fr\/wp-json\/wp\/v2\/product_cat?post=10190"},{"taxonomy":"product_tag","embeddable":true,"href":"https:\/\/reviewcardstore.com\/fr\/wp-json\/wp\/v2\/product_tag?post=10190"}],"curies":[{"name":"wp","href":"https:\/\/api.w.org\/{rel}","templated":true}]}}