{"id":10201,"date":"2024-08-29T14:47:53","date_gmt":"2024-08-29T12:47:53","guid":{"rendered":"https:\/\/reviewcardstore.com\/?post_type=product&#038;p=10201"},"modified":"2025-06-09T13:29:37","modified_gmt":"2025-06-09T11:29:37","slug":"plaque-avis-tripadvisor","status":"publish","type":"product","link":"https:\/\/reviewcardstore.com\/fr\/product\/plaque-avis-tripadvisor\/","title":{"rendered":"Plaque Avis Tripadvisor"},"content":{"rendered":"<p>Recueillez facilement des avis sur TripAdvisor avec Plaques D\u00a0\u00bbAvis. Devenez num\u00e9ro un sur TripAdvisor. Id\u00e9al pour les comptoirs et les tables o\u00f9 chaque client passe. Plus de 20 000 avis ont d\u00e9j\u00e0 \u00e9t\u00e9 recueillis.<\/p>\n","protected":false},"excerpt":{"rendered":"<p>Recueillez facilement des avis sur TripAdvisor avec Plaques D\u00a0\u00bbAvis. Devenez num\u00e9ro un sur TripAdvisor. Id\u00e9al pour les comptoirs et les tables o\u00f9 chaque client passe. Plus de 20 000 avis ont d\u00e9j\u00e0 \u00e9t\u00e9 recueillis.<\/p>\n","protected":false},"featured_media":10213,"template":"","meta":[],"product_brand":[],"product_cat":[258],"product_tag":[260,266],"class_list":{"0":"post-10201","1":"product","2":"type-product","3":"status-publish","4":"has-post-thumbnail","6":"product_cat-plates-fr","7":"product_tag-bundle-save-plates-fr","8":"product_tag-review-plate-tripadvisor-fr","10":"first","11":"instock","12":"taxable","13":"shipping-taxable","14":"purchasable","15":"product-type-variable"},"_links":{"self":[{"href":"https:\/\/reviewcardstore.com\/fr\/wp-json\/wp\/v2\/product\/10201","targetHints":{"allow":["GET"]}}],"collection":[{"href":"https:\/\/reviewcardstore.com\/fr\/wp-json\/wp\/v2\/product"}],"about":[{"href":"https:\/\/reviewcardstore.com\/fr\/wp-json\/wp\/v2\/types\/product"}],"version-history":[{"count":5,"href":"https:\/\/reviewcardstore.com\/fr\/wp-json\/wp\/v2\/product\/10201\/revisions"}],"predecessor-version":[{"id":10331,"href":"https:\/\/reviewcardstore.com\/fr\/wp-json\/wp\/v2\/product\/10201\/revisions\/10331"}],"wp:featuredmedia":[{"embeddable":true,"href":"https:\/\/reviewcardstore.com\/fr\/wp-json\/wp\/v2\/media\/10213"}],"wp:attachment":[{"href":"https:\/\/reviewcardstore.com\/fr\/wp-json\/wp\/v2\/media?parent=10201"}],"wp:term":[{"taxonomy":"product_brand","embeddable":true,"href":"https:\/\/reviewcardstore.com\/fr\/wp-json\/wp\/v2\/product_brand?post=10201"},{"taxonomy":"product_cat","embeddable":true,"href":"https:\/\/reviewcardstore.com\/fr\/wp-json\/wp\/v2\/product_cat?post=10201"},{"taxonomy":"product_tag","embeddable":true,"href":"https:\/\/reviewcardstore.com\/fr\/wp-json\/wp\/v2\/product_tag?post=10201"}],"curies":[{"name":"wp","href":"https:\/\/api.w.org\/{rel}","templated":true}]}}