{"id":10202,"date":"2024-08-29T13:39:16","date_gmt":"2024-08-29T11:39:16","guid":{"rendered":"https:\/\/reviewcardstore.com\/?post_type=product&#038;p=10202"},"modified":"2025-11-14T20:16:51","modified_gmt":"2025-11-14T19:16:51","slug":"carte-avis-google","status":"publish","type":"product","link":"https:\/\/reviewcardstore.com\/fr\/product\/carte-avis-google\/","title":{"rendered":"Carte Avis Google"},"content":{"rendered":"<p>Recueillez facilement des avis sur Google avec Cartes Avis. Devenez num\u00e9ro un sur Google. Id\u00e9al pour les prestataires de services qui demandent directement des avis. Plus de 15 000 avis ont d\u00e9j\u00e0 \u00e9t\u00e9 recueillis.<\/p>\n","protected":false},"excerpt":{"rendered":"<p>Recueillez facilement des avis sur Google avec Cartes Avis. Devenez num\u00e9ro un sur Google. Id\u00e9al pour les prestataires de services qui demandent directement des avis. Plus de 15 000 avis ont d\u00e9j\u00e0 \u00e9t\u00e9 recueillis.<\/p>\n","protected":false},"featured_media":10203,"template":"","meta":[],"product_brand":[],"product_cat":[257],"product_tag":[265,264],"class_list":{"0":"post-10202","1":"product","2":"type-product","3":"status-publish","4":"has-post-thumbnail","6":"product_cat-cards-fr","7":"product_tag-bundle-fr","8":"product_tag-cartes-de-revision-google","10":"first","11":"instock","12":"taxable","13":"shipping-taxable","14":"purchasable","15":"product-type-variable"},"_links":{"self":[{"href":"https:\/\/reviewcardstore.com\/fr\/wp-json\/wp\/v2\/product\/10202","targetHints":{"allow":["GET"]}}],"collection":[{"href":"https:\/\/reviewcardstore.com\/fr\/wp-json\/wp\/v2\/product"}],"about":[{"href":"https:\/\/reviewcardstore.com\/fr\/wp-json\/wp\/v2\/types\/product"}],"version-history":[{"count":2,"href":"https:\/\/reviewcardstore.com\/fr\/wp-json\/wp\/v2\/product\/10202\/revisions"}],"predecessor-version":[{"id":13454,"href":"https:\/\/reviewcardstore.com\/fr\/wp-json\/wp\/v2\/product\/10202\/revisions\/13454"}],"wp:featuredmedia":[{"embeddable":true,"href":"https:\/\/reviewcardstore.com\/fr\/wp-json\/wp\/v2\/media\/10203"}],"wp:attachment":[{"href":"https:\/\/reviewcardstore.com\/fr\/wp-json\/wp\/v2\/media?parent=10202"}],"wp:term":[{"taxonomy":"product_brand","embeddable":true,"href":"https:\/\/reviewcardstore.com\/fr\/wp-json\/wp\/v2\/product_brand?post=10202"},{"taxonomy":"product_cat","embeddable":true,"href":"https:\/\/reviewcardstore.com\/fr\/wp-json\/wp\/v2\/product_cat?post=10202"},{"taxonomy":"product_tag","embeddable":true,"href":"https:\/\/reviewcardstore.com\/fr\/wp-json\/wp\/v2\/product_tag?post=10202"}],"curies":[{"name":"wp","href":"https:\/\/api.w.org\/{rel}","templated":true}]}}