{"id":10219,"date":"2024-07-13T15:11:52","date_gmt":"2024-07-13T13:11:52","guid":{"rendered":"https:\/\/reviewcardstore.com\/?post_type=product&#038;p=10219"},"modified":"2025-06-09T13:29:12","modified_gmt":"2025-06-09T11:29:12","slug":"tag-avis-google","status":"publish","type":"product","link":"https:\/\/reviewcardstore.com\/fr\/product\/tag-avis-google\/","title":{"rendered":"Tag Avis Google"},"content":{"rendered":"<p>Recueillez facilement des avis gr\u00e2ce aux Tags Avis. Devenez num\u00e9ro 1 sur Google. Parfait pour les espaces compacts tels que les tables de restaurant. Plus de 20 000 avis ont \u00e9t\u00e9 recueillis.<\/p>\n","protected":false},"excerpt":{"rendered":"<p>Recueillez facilement des avis gr\u00e2ce aux Tags Avis. Devenez num\u00e9ro 1 sur Google. Parfait pour les espaces compacts tels que les tables de restaurant. Plus de 20 000 avis ont \u00e9t\u00e9 recueillis.<\/p>\n","protected":false},"featured_media":10220,"template":"","meta":[],"product_brand":[],"product_cat":[267],"product_tag":[265,268],"class_list":{"0":"post-10219","1":"product","2":"type-product","3":"status-publish","4":"has-post-thumbnail","6":"product_cat-tags-fr","7":"product_tag-bundle-fr","8":"product_tag-review-cards-horeca-fr","10":"first","11":"instock","12":"taxable","13":"shipping-taxable","14":"purchasable","15":"product-type-variable"},"_links":{"self":[{"href":"https:\/\/reviewcardstore.com\/fr\/wp-json\/wp\/v2\/product\/10219","targetHints":{"allow":["GET"]}}],"collection":[{"href":"https:\/\/reviewcardstore.com\/fr\/wp-json\/wp\/v2\/product"}],"about":[{"href":"https:\/\/reviewcardstore.com\/fr\/wp-json\/wp\/v2\/types\/product"}],"version-history":[{"count":2,"href":"https:\/\/reviewcardstore.com\/fr\/wp-json\/wp\/v2\/product\/10219\/revisions"}],"predecessor-version":[{"id":13450,"href":"https:\/\/reviewcardstore.com\/fr\/wp-json\/wp\/v2\/product\/10219\/revisions\/13450"}],"wp:featuredmedia":[{"embeddable":true,"href":"https:\/\/reviewcardstore.com\/fr\/wp-json\/wp\/v2\/media\/10220"}],"wp:attachment":[{"href":"https:\/\/reviewcardstore.com\/fr\/wp-json\/wp\/v2\/media?parent=10219"}],"wp:term":[{"taxonomy":"product_brand","embeddable":true,"href":"https:\/\/reviewcardstore.com\/fr\/wp-json\/wp\/v2\/product_brand?post=10219"},{"taxonomy":"product_cat","embeddable":true,"href":"https:\/\/reviewcardstore.com\/fr\/wp-json\/wp\/v2\/product_cat?post=10219"},{"taxonomy":"product_tag","embeddable":true,"href":"https:\/\/reviewcardstore.com\/fr\/wp-json\/wp\/v2\/product_tag?post=10219"}],"curies":[{"name":"wp","href":"https:\/\/api.w.org\/{rel}","templated":true}]}}