{"id":10240,"date":"2024-08-24T11:58:40","date_gmt":"2024-08-24T09:58:40","guid":{"rendered":"https:\/\/reviewcardstore.com\/?post_type=product&#038;p=10240"},"modified":"2026-01-16T14:37:48","modified_gmt":"2026-01-16T13:37:48","slug":"plaque-avis-google","status":"publish","type":"product","link":"https:\/\/reviewcardstore.com\/fr\/product\/plaque-avis-google\/","title":{"rendered":"Plaque Avis Google"},"content":{"rendered":"<p>Recueillez facilement des avis sur Google avec Plaque Avis. Devenez num\u00e9ro un sur Google. Id\u00e9al pour les comptoirs et les tables o\u00f9 chaque client passe. Plus de 20 000 avis ont d\u00e9j\u00e0 \u00e9t\u00e9 recueillis.<\/p>\n","protected":false},"excerpt":{"rendered":"<p>Recueillez facilement des avis sur Google avec Plaque Avis. Devenez num\u00e9ro un sur Google. Id\u00e9al pour les comptoirs et les tables o\u00f9 chaque client passe. Plus de 20 000 avis ont d\u00e9j\u00e0 \u00e9t\u00e9 recueillis.<\/p>\n","protected":false},"featured_media":10241,"template":"","meta":[],"product_brand":[],"product_cat":[258],"product_tag":[270,260,269],"class_list":{"0":"post-10240","1":"product","2":"type-product","3":"status-publish","4":"has-post-thumbnail","6":"product_cat-plates-fr","7":"product_tag-_bestseller-fr","8":"product_tag-bundle-save-plates-fr","9":"product_tag-review-plate-google-fr","11":"first","12":"instock","13":"taxable","14":"shipping-taxable","15":"purchasable","16":"product-type-variable"},"_links":{"self":[{"href":"https:\/\/reviewcardstore.com\/fr\/wp-json\/wp\/v2\/product\/10240","targetHints":{"allow":["GET"]}}],"collection":[{"href":"https:\/\/reviewcardstore.com\/fr\/wp-json\/wp\/v2\/product"}],"about":[{"href":"https:\/\/reviewcardstore.com\/fr\/wp-json\/wp\/v2\/types\/product"}],"version-history":[{"count":4,"href":"https:\/\/reviewcardstore.com\/fr\/wp-json\/wp\/v2\/product\/10240\/revisions"}],"predecessor-version":[{"id":13451,"href":"https:\/\/reviewcardstore.com\/fr\/wp-json\/wp\/v2\/product\/10240\/revisions\/13451"}],"wp:featuredmedia":[{"embeddable":true,"href":"https:\/\/reviewcardstore.com\/fr\/wp-json\/wp\/v2\/media\/10241"}],"wp:attachment":[{"href":"https:\/\/reviewcardstore.com\/fr\/wp-json\/wp\/v2\/media?parent=10240"}],"wp:term":[{"taxonomy":"product_brand","embeddable":true,"href":"https:\/\/reviewcardstore.com\/fr\/wp-json\/wp\/v2\/product_brand?post=10240"},{"taxonomy":"product_cat","embeddable":true,"href":"https:\/\/reviewcardstore.com\/fr\/wp-json\/wp\/v2\/product_cat?post=10240"},{"taxonomy":"product_tag","embeddable":true,"href":"https:\/\/reviewcardstore.com\/fr\/wp-json\/wp\/v2\/product_tag?post=10240"}],"curies":[{"name":"wp","href":"https:\/\/api.w.org\/{rel}","templated":true}]}}